{"id":1198,"date":"2015-09-22T22:58:29","date_gmt":"2015-09-22T21:58:29","guid":{"rendered":"http:\/\/www.num1bel.be\/nl\/?page_id=1198"},"modified":"2020-04-15T12:59:28","modified_gmt":"2020-04-15T11:59:28","slug":"opdrachten-speciale-opdrachten","status":"publish","type":"page","link":"https:\/\/www.num1bel.be\/nl\/missions\/opdrachten-speciale-opdrachten\/","title":{"rendered":"OPDRACHTEN &#8211; Speciale OPDRACHTEN"},"content":{"rendered":"<h3>OPDRACHTEN &#8211; Speciale OPDRACHTEN<\/h3>\n<ul>\n<li>Audit ten opzicht van aankopen van ondernemingen (due diligence) en begeleiding van de aankooper<\/li>\n<li>Oprichting van ondernemingen en vennootschappen (begeleiding en financieel plan)<\/li>\n<li>Omzetting van zelfstandige naar vennootschap (inbreng en quasi-inbreng)<\/li>\n<li>Omzetting van vennootchappen (verslag v\u00f3\u00f3r omzetting en begeleiding tijdens de omzetting)<\/li>\n<li>Ontbinding van vennootschappen (verslag v\u00f3\u00f3r ontbinding) en begeleiding tijdens de ontbinding<\/li>\n<li>Fusie \/ Splitsing<\/li>\n<li>Begeleiding tijdens statutaire veranderingen (in samenwerking met gekozen of geadviseerde notarissen)<\/li>\n<li>Schatting van ondernemingen en vennootschappen (in natuurlijke persoon en in bedrijfsvorm)<\/li>\n<li>Verkoop van ondernemingen en vennootschappen en begeleiding van de verkoper<\/li>\n<li>Evaluatie van de interne controle<\/li>\n<li>Adviezen in organisatie<\/li>\n<li>Vertegenwoordiging van een aandeelhouder (art. 166)<\/li>\n<li>Inbreng in natura en quasi-inbreng<\/li>\n<li>Raadpleging op de toepassing van de IFRS normen.<\/li>\n<\/ul>\n","protected":false},"excerpt":{"rendered":"<p>OPDRACHTEN &#8211; Speciale OPDRACHTEN Audit ten opzicht van aankopen van ondernemingen (due diligence) en begeleiding van de aankooper Oprichting van ondernemingen en vennootschappen (begeleiding en financieel plan) Omzetting van zelfstandige naar vennootschap (inbreng en quasi-inbreng) Omzetting van vennootchappen (verslag v\u00f3\u00f3r omzetting en begeleiding tijdens de omzetting) Ontbinding van vennootschappen (verslag v\u00f3\u00f3r ontbinding) en begeleiding tijdens [&hellip;]<\/p>\n","protected":false},"author":1,"featured_media":0,"parent":920,"menu_order":0,"comment_status":"closed","ping_status":"closed","template":"","meta":{"footnotes":""},"class_list":["post-1198","page","type-page","status-publish","hentry"],"_links":{"self":[{"href":"https:\/\/www.num1bel.be\/nl\/wp-json\/wp\/v2\/pages\/1198","targetHints":{"allow":["GET"]}}],"collection":[{"href":"https:\/\/www.num1bel.be\/nl\/wp-json\/wp\/v2\/pages"}],"about":[{"href":"https:\/\/www.num1bel.be\/nl\/wp-json\/wp\/v2\/types\/page"}],"author":[{"embeddable":true,"href":"https:\/\/www.num1bel.be\/nl\/wp-json\/wp\/v2\/users\/1"}],"replies":[{"embeddable":true,"href":"https:\/\/www.num1bel.be\/nl\/wp-json\/wp\/v2\/comments?post=1198"}],"version-history":[{"count":6,"href":"https:\/\/www.num1bel.be\/nl\/wp-json\/wp\/v2\/pages\/1198\/revisions"}],"predecessor-version":[{"id":1468,"href":"https:\/\/www.num1bel.be\/nl\/wp-json\/wp\/v2\/pages\/1198\/revisions\/1468"}],"up":[{"embeddable":true,"href":"https:\/\/www.num1bel.be\/nl\/wp-json\/wp\/v2\/pages\/920"}],"wp:attachment":[{"href":"https:\/\/www.num1bel.be\/nl\/wp-json\/wp\/v2\/media?parent=1198"}],"curies":[{"name":"wp","href":"https:\/\/api.w.org\/{rel}","templated":true}]}}