{"id":879,"date":"2015-09-12T14:25:12","date_gmt":"2015-09-12T13:25:12","guid":{"rendered":"http:\/\/www.num1bel.be\/fr\/?page_id=879"},"modified":"2026-02-04T10:47:27","modified_gmt":"2026-02-04T09:47:27","slug":"numibel","status":"publish","type":"page","link":"https:\/\/www.num1bel.be\/fr\/","title":{"rendered":"NUMIBEL"},"content":{"rendered":"<h3 class=\"one_third\" style=\"text-align: justify;\"><img loading=\"lazy\" decoding=\"async\" class=\"alignleft wp-image-602 size-thumbnail\" src=\"https:\/\/num1bel.be\/fr\/wp-content\/uploads\/2015\/01\/41044-150x150.jpg\" alt=\"E\" width=\"150\" height=\"150\" data-id=\"602\" srcset=\"https:\/\/www.num1bel.be\/fr\/wp-content\/uploads\/2015\/01\/41044-150x150.jpg 150w, https:\/\/www.num1bel.be\/fr\/wp-content\/uploads\/2015\/01\/41044-200x200.jpg 200w\" sizes=\"auto, (max-width: 150px) 100vw, 150px\" \/>Un r\u00e9seau de comp\u00e9tences \u00e0 votre service !<\/h3>\n<p style=\"text-align: justify;\">Les soci\u00e9t\u00e9s NUMIBEL et COFISCONSULT travaillent en \u00e9troite collaboration dans le respect des normes professionnelles et des r\u00e8gles d\u00e9ontologiques propres \u00e0 chaque profession. Les missions sont accomplies par des collaborateurs qualifi\u00e9s et exp\u00e9riment\u00e9s avec, au besoin, le concours de conseillers externes tels qu\u00b4avocats, notaires et autres experts sp\u00e9cialis\u00e9s.<\/p>\n<p>&nbsp;<\/p>\n<hr \/>\n<div class=\"csRow\">\n<div class=\"csColumn\" style=\"margin: 0px; padding: 0px; float: left; width: 47.9%;\" data-csstartpoint=\"0\" data-csendpoint=\"460\" data-cswidth=\"47.9%\" data-csid=\"82a47a4e-6f99-6ab9-b1f8-ef50089cabe6\">\n<h6><strong><img loading=\"lazy\" decoding=\"async\" class=\"wp-image-1057 alignnone\" src=\"https:\/\/num1bel.be\/fr\/wp-content\/uploads\/2015\/09\/logo-150x41.jpg\" alt=\"\" width=\"146\" height=\"40\" data-id=\"1057\" srcset=\"https:\/\/www.num1bel.be\/fr\/wp-content\/uploads\/2015\/09\/logo-150x41.jpg 150w, https:\/\/www.num1bel.be\/fr\/wp-content\/uploads\/2015\/09\/logo.jpg 256w\" sizes=\"auto, (max-width: 146px) 100vw, 146px\" \/><\/strong><\/h6>\n<h6><strong>Cabinet de R\u00e9viseurs d\u00b4Entreprises<\/strong><\/h6>\n<p style=\"text-align: justify;\">se consacre principalement aux missions l\u00e9gales d\u00b4audit et de contr\u00f4le et aux missions contractuelles de v\u00e9rification et de conseil.<\/p>\n<\/div>\n<div class=\"csColumnGap\" style=\"margin: 0px; padding: 0px; float: left; width: 4.17%;\"><img decoding=\"async\" src=\"https:\/\/num1bel.be\/fr\/wp-content\/plugins\/advanced-wp-columns\/assets\/js\/plugins\/views\/img\/1x1-pixel.png\" alt=\"\" \/><\/div>\n<div class=\"csColumn\" style=\"margin: 0px; padding: 0px; float: left; width: 47.9%;\" data-csstartpoint=\"500\" data-csendpoint=\"960\" data-cswidth=\"47.9%\" data-csid=\"c1a61b20-f781-e87e-90fb-b3f9df91a775\">\n<h6><strong><img loading=\"lazy\" decoding=\"async\" class=\"alignnone wp-image-1057\" src=\"https:\/\/num1bel.be\/fr\/wp-content\/uploads\/2015\/09\/logo-150x41.jpg\" alt=\"\" width=\"146\" height=\"40\" data-id=\"1057\" srcset=\"https:\/\/www.num1bel.be\/fr\/wp-content\/uploads\/2015\/09\/logo-150x41.jpg 150w, https:\/\/www.num1bel.be\/fr\/wp-content\/uploads\/2015\/09\/logo.jpg 256w\" sizes=\"auto, (max-width: 146px) 100vw, 146px\" \/><img loading=\"lazy\" decoding=\"async\" class=\"alignnone size-full\" src=\"http:\/\/www.num1bel.be\/fr\/wp-content\/uploads\/2020\/03\/COFISCONSULT_logo-150x39.jpg\" width=\"150\" height=\"39\" \/><\/strong><\/h6>\n<h6><strong>Cabinets d\u00b4Experts-Comptables et de Conseils Fiscaux<\/strong><\/h6>\n<p style=\"text-align: justify;\">assistent les entreprises et les associations du secteur non marchand dans leurs gestion et d\u00e9veloppements et les guide au travers des dispositions l\u00e9gales comptables et fiscales.<\/p>\n<\/div>\n<p>&nbsp;<\/p>\n<hr \/>\n<h3 style=\"text-align: justify;\">Nos d\u00e9veloppements et nos partenaires sur le plan international<\/h3>\n<div class=\"two_third\" style=\"text-align: justify;\">\n<div class=\"one_third last_column\" style=\"text-align: justify;\"><img loading=\"lazy\" decoding=\"async\" class=\"alignleft wp-image-635 size-thumbnail\" src=\"https:\/\/num1bel.be\/fr\/wp-content\/uploads\/2015\/01\/globe-trotter-150x150.png\" alt=\"globe-trotter\" width=\"150\" height=\"150\" data-id=\"635\" srcset=\"https:\/\/www.num1bel.be\/fr\/wp-content\/uploads\/2015\/01\/globe-trotter-150x150.png 150w, https:\/\/www.num1bel.be\/fr\/wp-content\/uploads\/2015\/01\/globe-trotter-200x200.png 200w\" sizes=\"auto, (max-width: 150px) 100vw, 150px\" \/><\/div>\n<p>Nous entretenons depuis de nombreuses ann\u00e9es d\u00b4\u00e9troites collaborations avec des cabinets \u00e9trangers install\u00e9s notamment au <strong>Luxembourg<\/strong>, en <strong>Suisse<\/strong>, en <strong>France, <\/strong>en <strong>Espagne<\/strong> et au <strong>Maroc<\/strong>.<\/p>\n<div style=\"clear: both; float: none; display: block; visibility: hidden; width: 0px; font-size: 0px; line-height: 0;\"><\/div>\n<\/div>\n<hr \/>\n<h3>Nos partenaires EXPERTISE<\/h3>\n<p><a href=\"http:\/\/e-fiduciaire.be\" target=\"_blank\" rel=\"noopener noreferrer\"><img loading=\"lazy\" decoding=\"async\" class=\"wp-image-1743 size-full alignleft\" src=\"https:\/\/num1bel.be\/fr\/wp-content\/uploads\/2019\/09\/Logo-fiduciaire-Heynen-300x150.jpg\" alt=\"\" width=\"300\" height=\"150\" data-id=\"1743\" srcset=\"https:\/\/www.num1bel.be\/fr\/wp-content\/uploads\/2019\/09\/Logo-fiduciaire-Heynen-300x150.jpg 300w, https:\/\/www.num1bel.be\/fr\/wp-content\/uploads\/2019\/09\/Logo-fiduciaire-Heynen-300x150-150x75.jpg 150w\" sizes=\"auto, (max-width: 300px) 100vw, 300px\" \/><\/a>Fiduciaire HEYNEN, PITSCH &amp; Associ\u00e9s S.P.R.L.<br \/>\nRue Claude Strebelle\u00a07<br \/>\n4031 Sart-Tilman \u2013 Angleur<br \/>\nBelgique<br \/>\nCoordonn\u00e9es de contact<br \/>\nT\u00e9l : 32 (4) 223 31 70<br \/>\nFax : 32 (4) 223 22 90<\/p>\n<p>&nbsp;<\/p>\n<hr \/>\n<h3 style=\"text-align: left;\">Nos partenaires en mati\u00e8re d&#8217;AUDIT<\/h3>\n<p>Pour certaine missions d\u2019audit, <strong>NUMIBEL REVISEURS<\/strong> collabore avec des professionnels de l\u2019audit.<\/p>\n<\/div>\n","protected":false},"excerpt":{"rendered":"<p>Un r\u00e9seau de comp\u00e9tences \u00e0 votre service ! Les soci\u00e9t\u00e9s NUMIBEL et COFISCONSULT travaillent en \u00e9troite collaboration dans le respect des normes professionnelles et des r\u00e8gles d\u00e9ontologiques propres \u00e0 chaque profession. Les missions sont accomplies par des collaborateurs qualifi\u00e9s et exp\u00e9riment\u00e9s avec, au besoin, le concours de conseillers externes tels qu\u00b4avocats, notaires et autres experts [&hellip;]<\/p>\n","protected":false},"author":1,"featured_media":0,"parent":0,"menu_order":0,"comment_status":"closed","ping_status":"closed","template":"","meta":{"footnotes":""},"class_list":["post-879","page","type-page","status-publish","hentry"],"_links":{"self":[{"href":"https:\/\/www.num1bel.be\/fr\/wp-json\/wp\/v2\/pages\/879","targetHints":{"allow":["GET"]}}],"collection":[{"href":"https:\/\/www.num1bel.be\/fr\/wp-json\/wp\/v2\/pages"}],"about":[{"href":"https:\/\/www.num1bel.be\/fr\/wp-json\/wp\/v2\/types\/page"}],"author":[{"embeddable":true,"href":"https:\/\/www.num1bel.be\/fr\/wp-json\/wp\/v2\/users\/1"}],"replies":[{"embeddable":true,"href":"https:\/\/www.num1bel.be\/fr\/wp-json\/wp\/v2\/comments?post=879"}],"version-history":[{"count":38,"href":"https:\/\/www.num1bel.be\/fr\/wp-json\/wp\/v2\/pages\/879\/revisions"}],"predecessor-version":[{"id":2941,"href":"https:\/\/www.num1bel.be\/fr\/wp-json\/wp\/v2\/pages\/879\/revisions\/2941"}],"wp:attachment":[{"href":"https:\/\/www.num1bel.be\/fr\/wp-json\/wp\/v2\/media?parent=879"}],"curies":[{"name":"wp","href":"https:\/\/api.w.org\/{rel}","templated":true}]}}