{"id":1605,"date":"2018-11-22T22:29:47","date_gmt":"2018-11-22T21:29:47","guid":{"rendered":"http:\/\/www.num1bel.be\/fr\/?page_id=1605"},"modified":"2018-11-22T22:32:29","modified_gmt":"2018-11-22T21:32:29","slug":"conditions-dutilisation-du-site-web","status":"publish","type":"page","link":"https:\/\/www.num1bel.be\/fr\/contact\/conditions-dutilisation-du-site-web\/","title":{"rendered":"Conditions d\u2019utilisation du site Web"},"content":{"rendered":"<h5><strong>Conditions d\u2019utilisation du site Web<\/strong><\/h5>\n<p><strong>Veuillez lire attentivement les conditions d\u2019utilisation du site web avant de l\u2019utiliser.\u00a0 En utilisant ce site web, vous acceptez ces conditions d\u2019utilisation.\u00a0 Si vous n\u2019acceptez pas ces conditions, veuillez ne pas utiliser ce site web.<\/strong><\/p>\n<p><strong>SITE WEB FIDUCIAIRE NUMIBEL\u2013 CONDITIONS L\u00c9GALES D\u2019UTILISATION<\/strong><\/p>\n<p>Ces conditions sont d\u2019application aux utilisateurs de ce site web.\u00a0 Les utilisateurs qui font consulter \u00e0 d\u2019autres personnes des donn\u00e9es disponibles sur ce site web, doivent informer ces personnes de l\u2019existence de ces conditions.<br \/>\nLes collaborateurs de NUMIBEL ont \u00e9labor\u00e9 ce site web avec le plus grand soin.\u00a0 Il ne donne toutefois aucune garantie quant \u00e0 l\u2019actualisation, l\u2019exactitude, la pr\u00e9cision, l\u2019exhaustivit\u00e9 ou l\u2019ad\u00e9quation des informations, des donn\u00e9es ou des publications pour un but d\u00e9termin\u00e9.\u00a0 Les Cabinets NUMIBEL d\u00e9clinent donc toute responsabilit\u00e9 pour tous dommages, sous quelque forme que ce soit, qui seraient caus\u00e9s du fait d\u2019erreurs ou d\u2019omissions de ce site web.<\/p>\n<p>Les Cabinets NUMIBEL cherchent \u00e0 mettre \u00e0 disposition des informations pr\u00e9cises en temps utile.\u00a0 Si notre fiduciaire est inform\u00e9e d\u2019erreurs contenues dans le site web, elle tentera de les corriger le plus rapidement possible.<\/p>\n<p>Tout lien renvoyant vers le site web de NUMIBEL, doit renvoyer directement \u00e0 la page d\u2019accueil.\u00a0 Veuillez ne pas \u00e9tablir de lien vers d\u2019autres pages de ce site web.\u00a0 Les Cabinets NUMIBEL d\u00e9clinent toute responsabilit\u00e9 pour les donn\u00e9es contenues sur d\u2019autres sites web vers lesquelles il renvoie par le biais d\u2019un lien.\u00a0 Il d\u00e9cline \u00e9galement toute responsabilit\u00e9 pour les donn\u00e9es contenues sur d\u2019autres sites web renvoyant vers le site de NUMIBEL.<\/p>\n<p>Le contenu complet du site web: \u00a9 2017\u00a0Les Cabinets NUMIBEL<\/p>\n<p>Les textes originaux repris sur ce site web sont prot\u00e9g\u00e9s par la loi du 30 juin 1994 relative au droit d\u2019auteur et aux droits voisins.<\/p>\n<p>Toute infraction aux droits des Cabinets NUMIBEL, peut entra\u00eener des actions judiciaires appropri\u00e9es.\u00a0 Si vous souhaitez des informations compl\u00e9mentaires, veuillez nous contacter via l\u2019onglet \u201ccontact\u201d.<\/p>\n<p><strong>SECURITE DU SITE WEB<\/strong><\/p>\n<p>Les Cabinets NUMIBEL travaillent par internet. Nous entendons dire tellement de choses sur des applications internet peu s\u00fbres. NUMIBEL prend les pr\u00e9cautions n\u00e9cessaires, comme en t\u00e9moignent les principes de protection mis en \u0153uvre par nos Cabinets NUMIBEL. Les risques qui subsistent sont surtout li\u00e9s \u00e0 votre comportement personnel. Pour exclure ces risques autant que possible, vous pouvez prendre un certain nombre de mesures de pr\u00e9caution tr\u00e8s simples.<\/p>\n<p>Principes de protection:<\/p>\n<p>Vous trouverez ici une br\u00e8ve description des principes de protection.<\/p>\n<p>* Pour votre identification en tant qu\u2019utilisateur de notre partie s\u00e9curis\u00e9e, nous utilisons un user ID et un Password personnels.\u00a0 Ces User-ID et password sont uniquement attribu\u00e9s aux clients de nos Cabinets NUMIBEL.\u00a0 Le mot de passe doit \u00eatre modifi\u00e9 au moment de la premi\u00e8re utilisation.<\/p>\n<p>Niveau suppl\u00e9mentaire de protection:<\/p>\n<p>* les \u2018firewalls\u2019 des Cabinets NUMIBEL: les \u2018hackers\u2019 qui tentent d\u2019attaquer directement les serveurs web ou les ordinateurs centraux des Cabinets NUMIBEL sont ainsi maintenus \u00e0 l\u2019\u00e9cart.<\/p>\n<p>Mesures de pr\u00e9caution:<\/p>\n<p>Pour exclure autant que possible les risques, vous pouvez prendre quelques mesures de pr\u00e9caution tr\u00e8s simples:<\/p>\n<p>* G\u00e9rez vos mots de passe de mani\u00e8re s\u00fbre.<br \/>\n* Ne donnez jamais votre code d\u2019acc\u00e8s personnel \u00e0 quelqu\u2019un d\u2019autre.<br \/>\n* Ne laissez pas votre ordinateur sans surveillance lorsque vous \u00eates connect\u00e9.<br \/>\n* N\u2019ouvrez aucun e-mail \u2013 et surtout pas d\u2019annexes \u2013 venant de personnes inconnues.<br \/>\n* Ne t\u00e9l\u00e9chargez pas de fichiers provenant de sites inconnus.<br \/>\n* Utilisez un programme antivirus qui contr\u00f4le votre ordinateur chaque fois que vous le lancez.<br \/>\n* Ne copiez pas de logiciel \u00e0 partir d\u2019une disquette sans d\u2019abord contr\u00f4ler cette derni\u00e8re \u00e0 l\u2019aide d\u2019un programme antivirus.<br \/>\n* N\u2019installez pas de version b\u00eata de syst\u00e8mes d\u2019exploitation ou de navigateurs sur votre ordinateur, surtout si vous l\u2019utilisez pour des applications de production.<br \/>\n* Si votre ordinateur utilise un acc\u00e8s internet permanent, par exemple via le c\u00e2ble ou l\u2019ADSL, l\u2019installation d\u2019un \u2018firewall\u2019 simple n\u2019est pas un luxe superflu. Cet acc\u00e8s permanent \u00e0 l\u2019internet implique aussi, en effet, une fragilit\u00e9 accrue face aux hackers.<\/p>\n","protected":false},"excerpt":{"rendered":"<p>Conditions d\u2019utilisation du site Web Veuillez lire attentivement les conditions d\u2019utilisation du site web avant de l\u2019utiliser.\u00a0 En utilisant ce site web, vous acceptez ces conditions d\u2019utilisation.\u00a0 Si vous n\u2019acceptez pas ces conditions, veuillez ne pas utiliser ce site web. SITE WEB FIDUCIAIRE NUMIBEL\u2013 CONDITIONS L\u00c9GALES D\u2019UTILISATION Ces conditions sont d\u2019application aux utilisateurs de ce [&hellip;]<\/p>\n","protected":false},"author":1,"featured_media":0,"parent":884,"menu_order":0,"comment_status":"closed","ping_status":"closed","template":"","meta":{"footnotes":""},"class_list":["post-1605","page","type-page","status-publish","hentry"],"_links":{"self":[{"href":"https:\/\/www.num1bel.be\/fr\/wp-json\/wp\/v2\/pages\/1605","targetHints":{"allow":["GET"]}}],"collection":[{"href":"https:\/\/www.num1bel.be\/fr\/wp-json\/wp\/v2\/pages"}],"about":[{"href":"https:\/\/www.num1bel.be\/fr\/wp-json\/wp\/v2\/types\/page"}],"author":[{"embeddable":true,"href":"https:\/\/www.num1bel.be\/fr\/wp-json\/wp\/v2\/users\/1"}],"replies":[{"embeddable":true,"href":"https:\/\/www.num1bel.be\/fr\/wp-json\/wp\/v2\/comments?post=1605"}],"version-history":[{"count":3,"href":"https:\/\/www.num1bel.be\/fr\/wp-json\/wp\/v2\/pages\/1605\/revisions"}],"predecessor-version":[{"id":1608,"href":"https:\/\/www.num1bel.be\/fr\/wp-json\/wp\/v2\/pages\/1605\/revisions\/1608"}],"up":[{"embeddable":true,"href":"https:\/\/www.num1bel.be\/fr\/wp-json\/wp\/v2\/pages\/884"}],"wp:attachment":[{"href":"https:\/\/www.num1bel.be\/fr\/wp-json\/wp\/v2\/media?parent=1605"}],"curies":[{"name":"wp","href":"https:\/\/api.w.org\/{rel}","templated":true}]}}